{"id":23153,"date":"2023-05-26T19:05:17","date_gmt":"2023-05-26T17:05:17","guid":{"rendered":"https:\/\/www.soniaherrero.com\/?page_id=23153"},"modified":"2024-05-27T10:48:41","modified_gmt":"2024-05-27T08:48:41","slug":"home","status":"publish","type":"page","link":"https:\/\/www.soniaherrero.com\/de\/","title":{"rendered":"Home"},"content":{"rendered":"<p>[et_pb_section fb_built=&#8221;1&#8243; _builder_version=&#8221;4.18.0&#8243; _module_preset=&#8221;default&#8221; use_background_color_gradient=&#8221;on&#8221; background_color_gradient_direction=&#8221;90deg&#8221; background_color_gradient_stops=&#8221;rgba(22,63,90,0) 41%|rgba(255,255,255,0.8) 56%|rgba(22,63,90,0) 100%&#8221; background_color_gradient_overlays_image=&#8221;on&#8221; background_image=&#8221;https:\/\/www.soniaherrero.com\/wp-content\/uploads\/2022\/12\/fondo-cab-3.jpg&#8221; parallax=&#8221;on&#8221; custom_padding=&#8221;||0px||false|false&#8221; da_disable_devices=&#8221;off|off|off&#8221; locked=&#8221;off&#8221; global_colors_info=&#8221;{}&#8221; da_is_popup=&#8221;off&#8221; da_exit_intent=&#8221;off&#8221; da_has_close=&#8221;on&#8221; da_alt_close=&#8221;off&#8221; da_dark_close=&#8221;off&#8221; da_not_modal=&#8221;on&#8221; da_is_singular=&#8221;off&#8221; da_with_loader=&#8221;off&#8221; da_has_shadow=&#8221;on&#8221;][et_pb_row column_structure=&#8221;1_2,1_2&#8243; use_custom_gutter=&#8221;on&#8221; gutter_width=&#8221;2&#8243; make_equal=&#8221;on&#8221; _builder_version=&#8221;4.20.0&#8243; _module_preset=&#8221;default&#8221; custom_padding=&#8221;0px||0px||true|false&#8221; global_colors_info=&#8221;{}&#8221;][et_pb_column type=&#8221;1_2&#8243; _builder_version=&#8221;4.20.0&#8243; _module_preset=&#8221;default&#8221; global_colors_info=&#8221;{}&#8221;][et_pb_image src=&#8221;https:\/\/www.soniaherrero.com\/wp-content\/uploads\/2022\/12\/img-sonia-home-2023-2.png&#8221; disabled_on=&#8221;on|on|off&#8221; _builder_version=&#8221;4.18.0&#8243; _module_preset=&#8221;default&#8221; position_origin_a=&#8221;bottom_left&#8221; width=&#8221;75%&#8221; global_colors_info=&#8221;{}&#8221;][\/et_pb_image][\/et_pb_column][et_pb_column type=&#8221;1_2&#8243; _builder_version=&#8221;4.20.0&#8243; _module_preset=&#8221;default&#8221; global_colors_info=&#8221;{}&#8221;][et_pb_image src=&#8221;https:\/\/www.soniaherrero.com\/wp-content\/uploads\/2022\/12\/img-sonia-home-2023-2.png&#8221; disabled_on=&#8221;off|off|on&#8221; _builder_version=&#8221;4.23.1&#8243; _module_preset=&#8221;default&#8221; hover_enabled=&#8221;0&#8243; global_colors_info=&#8221;{}&#8221; sticky_enabled=&#8221;0&#8243;][\/et_pb_image][et_pb_text _builder_version=&#8221;4.23.1&#8243; _module_preset=&#8221;default&#8221; text_font=&#8221;||||||||&#8221; header_font=&#8221;Alegreya||||||||&#8221; header_font_size=&#8221;2.5em&#8221; header_line_height=&#8221;1.2em&#8221; positioning=&#8221;absolute&#8221; position_origin_a=&#8221;center_left&#8221; position_origin_a_tablet=&#8221;center_left&#8221; position_origin_a_phone=&#8221;center_left&#8221; position_origin_a_last_edited=&#8221;on|desktop&#8221; position_origin_f_tablet=&#8221;&#8221; position_origin_f_phone=&#8221;&#8221; position_origin_f_last_edited=&#8221;on|desktop&#8221; position_origin_r_tablet=&#8221;&#8221; position_origin_r_phone=&#8221;&#8221; position_origin_r_last_edited=&#8221;on|desktop&#8221; text_orientation=&#8221;center&#8221; width=&#8221;100%&#8221; custom_margin=&#8221;-1em||||false|false&#8221; hover_enabled=&#8221;0&#8243; header_font_size_tablet=&#8221;2.5em&#8221; header_font_size_phone=&#8221;1.8em&#8221; header_font_size_last_edited=&#8221;on|phone&#8221; positioning_tablet=&#8221;none&#8221; positioning_phone=&#8221;none&#8221; positioning_last_edited=&#8221;on|tablet&#8221; global_colors_info=&#8221;{}&#8221; sticky_enabled=&#8221;0&#8243;]<\/p>\n<h1>Traumatherapeutin &amp; Coach<\/h1>\n<p>[\/et_pb_text][et_pb_text _builder_version=&#8221;4.21.0&#8243; _module_preset=&#8221;default&#8221; text_font=&#8221;Photograph Signature||||||||&#8221; text_text_color=&#8221;#70485A&#8221; text_font_size=&#8221;4em&#8221; positioning=&#8221;absolute&#8221; position_origin_a=&#8221;center_left&#8221; position_origin_a_tablet=&#8221;center_left&#8221; position_origin_a_phone=&#8221;center_left&#8221; position_origin_a_last_edited=&#8221;on|desktop&#8221; position_origin_f_tablet=&#8221;&#8221; position_origin_f_phone=&#8221;&#8221; position_origin_f_last_edited=&#8221;on|desktop&#8221; position_origin_r_tablet=&#8221;&#8221; position_origin_r_phone=&#8221;&#8221; position_origin_r_last_edited=&#8221;on|desktop&#8221; text_orientation=&#8221;center&#8221; width=&#8221;100%&#8221; custom_margin=&#8221;0.8em||||false|false&#8221; custom_margin_tablet=&#8221;0em||1em||false|false&#8221; custom_margin_phone=&#8221;-0.3em||||false|false&#8221; custom_margin_last_edited=&#8221;on|phone&#8221; text_font_size_tablet=&#8221;4em&#8221; text_font_size_phone=&#8221;3em&#8221; text_font_size_last_edited=&#8221;on|phone&#8221; positioning_tablet=&#8221;none&#8221; positioning_phone=&#8221;none&#8221; positioning_last_edited=&#8221;on|tablet&#8221; global_colors_info=&#8221;{}&#8221;]<\/p>\n<p>Sonia Herrero<\/p>\n<p>[\/et_pb_text][\/et_pb_column][\/et_pb_row][et_pb_row column_structure=&#8221;1_2,1_2&#8243; custom_padding_last_edited=&#8221;on|phone&#8221; _builder_version=&#8221;4.20.0&#8243; _module_preset=&#8221;default&#8221; background_color=&#8221;#F7F4F2&#8243; custom_padding=&#8221;4em|4em|0em|4em|false|true&#8221; custom_padding_tablet=&#8221;4em|4em|0em|4em|false|true&#8221; custom_padding_phone=&#8221;2em|1em|0em|1em|false|true&#8221; global_colors_info=&#8221;{}&#8221;][et_pb_column type=&#8221;1_2&#8243; _builder_version=&#8221;4.18.0&#8243; _module_preset=&#8221;default&#8221; global_colors_info=&#8221;{}&#8221;][\/et_pb_column][et_pb_column type=&#8221;1_2&#8243; _builder_version=&#8221;4.18.0&#8243; _module_preset=&#8221;default&#8221; global_colors_info=&#8221;{}&#8221;][\/et_pb_column][\/et_pb_row][et_pb_row column_structure=&#8221;1_2,1_2&#8243; custom_padding_last_edited=&#8221;on|phone&#8221; _builder_version=&#8221;4.18.0&#8243; _module_preset=&#8221;default&#8221; background_color=&#8221;#f7f4f2&#8243; custom_padding=&#8221;1em|4em|0em|4em|false|true&#8221; custom_padding_tablet=&#8221;1em|4em|0em|4em|false|true&#8221; custom_padding_phone=&#8221;0em|1em||1em|false|true&#8221; global_colors_info=&#8221;{}&#8221;][et_pb_column type=&#8221;1_2&#8243; _builder_version=&#8221;4.18.0&#8243; _module_preset=&#8221;default&#8221; global_colors_info=&#8221;{}&#8221;][et_pb_text _builder_version=&#8221;4.23.1&#8243; _module_preset=&#8221;default&#8221; text_font=&#8221;|300|||||||&#8221; text_text_color=&#8221;#333333&#8243; text_font_size=&#8221;20px&#8221; link_text_color=&#8221;#163F5A&#8221; header_2_font=&#8221;Alegreya||||||||&#8221; header_2_font_size=&#8221;2em&#8221; background_enable_color=&#8221;off&#8221; global_colors_info=&#8221;{}&#8221;]<\/p>\n<p>Herzlich willkommen!<\/p>\n<p>Hier kannst du dir ein Bild von mir und meiner Arbeitsweise machen. Du bekommst ein Gef\u00fchl f\u00fcr meine Haltung und lernst mein Angebot kennen.<\/p>\n<p>Ich begleite dich bei Deinem Prozess des inneren Forschens, Erlebens und Wachsens.<\/p>\n<p>F\u00fcr eine Terminvereinbarung, in dem du dein Anliegen schildern kannst und bereits Unterst\u00fctzung bekommst, <a href=\"https:\/\/calendly.com\/s-herrero\/probesitzung-mit-sonia\" target=\"_blank\" rel=\"noopener\"><strong>klicke hier<\/strong>.<\/a><\/p>\n<p>[\/et_pb_text][\/et_pb_column][et_pb_column type=&#8221;1_2&#8243; _builder_version=&#8221;4.18.0&#8243; _module_preset=&#8221;default&#8221; global_colors_info=&#8221;{}&#8221;][et_pb_text _builder_version=&#8221;4.21.0&#8243; _module_preset=&#8221;default&#8221; text_text_color=&#8221;#000000&#8243; text_font_size=&#8221;20px&#8221; custom_margin=&#8221;||1em||false|false&#8221; global_colors_info=&#8221;{}&#8221;]<\/p>\n<p>Meine Arbeit st\u00fctzt sich auf vier S\u00e4ulen:<\/p>\n<p>[\/et_pb_text][et_pb_blurb use_icon=&#8221;on&#8221; font_icon=&#8221;&#x5c;||divi||400&#8243; icon_color=&#8221;#000000&#8243; image_icon_background_color=&#8221;#000000&#8243; icon_placement=&#8221;left&#8221; image_icon_width=&#8221;8px&#8221; content_max_width=&#8221;100%&#8221; _builder_version=&#8221;4.21.0&#8243; _module_preset=&#8221;default&#8221; body_text_color=&#8221;#000000&#8243; body_font_size=&#8221;20px&#8221; image_icon_custom_margin=&#8221;10px|||25px|false|false&#8221; custom_margin=&#8221;||1em|-25px|false|false&#8221; animation=&#8221;off&#8221; border_radii_image=&#8221;on|25px|25px|25px|25px&#8221; global_colors_info=&#8221;{}&#8221;]<\/p>\n<p>meine Ausbildung als Traumatherapeutin (NARM)<\/p>\n<p>[\/et_pb_blurb][et_pb_blurb use_icon=&#8221;on&#8221; font_icon=&#8221;&#x5c;||divi||400&#8243; icon_color=&#8221;#000000&#8243; image_icon_background_color=&#8221;#000000&#8243; icon_placement=&#8221;left&#8221; image_icon_width=&#8221;8px&#8221; content_max_width=&#8221;100%&#8221; _builder_version=&#8221;4.23.1&#8243; _module_preset=&#8221;default&#8221; body_text_color=&#8221;#000000&#8243; body_font_size=&#8221;20px&#8221; image_icon_custom_margin=&#8221;10px|||25px|false|false&#8221; custom_margin=&#8221;||1em|-25px|false|false&#8221; animation=&#8221;off&#8221; border_radii_image=&#8221;on|25px|25px|25px|25px&#8221; global_colors_info=&#8221;{}&#8221;]<\/p>\n<p>10 Jahre Erfahrung als Coach mit mehr als 5000 Einzelsitzungen und meine Ausbildung als Eltern Coach<\/p>\n<p>[\/et_pb_blurb][et_pb_blurb use_icon=&#8221;on&#8221; font_icon=&#8221;&#x5c;||divi||400&#8243; icon_color=&#8221;#000000&#8243; image_icon_background_color=&#8221;#000000&#8243; icon_placement=&#8221;left&#8221; image_icon_width=&#8221;8px&#8221; content_max_width=&#8221;100%&#8221; _builder_version=&#8221;4.21.0&#8243; _module_preset=&#8221;default&#8221; body_text_color=&#8221;#000000&#8243; body_font_size=&#8221;20px&#8221; image_icon_custom_margin=&#8221;10px|||25px|false|false&#8221; custom_margin=&#8221;||1em|-25px|false|false&#8221; animation=&#8221;off&#8221; border_radii_image=&#8221;on|25px|25px|25px|25px&#8221; global_colors_info=&#8221;{}&#8221;]<\/p>\n<p>23 Jahre Berufserfahrung als Unternehmerin, Organisationsleiterin und Beraterin, Trainerin und Juristin<\/p>\n<p>[\/et_pb_blurb][et_pb_blurb use_icon=&#8221;on&#8221; font_icon=&#8221;&#x5c;||divi||400&#8243; icon_color=&#8221;#000000&#8243; image_icon_background_color=&#8221;#000000&#8243; icon_placement=&#8221;left&#8221; image_icon_width=&#8221;8px&#8221; content_max_width=&#8221;100%&#8221; _builder_version=&#8221;4.21.0&#8243; _module_preset=&#8221;default&#8221; body_text_color=&#8221;#000000&#8243; body_font_size=&#8221;20px&#8221; image_icon_custom_margin=&#8221;10px|||25px|false|false&#8221; custom_margin=&#8221;||2em|-25px|false|false&#8221; animation=&#8221;off&#8221; border_radii_image=&#8221;on|25px|25px|25px|25px&#8221; global_colors_info=&#8221;{}&#8221;]<\/p>\n<p>meine eigene Therapieerfahrung, t\u00e4gliche Meditationspraxis, kontinuierliche Fort und Weiterbildungen<\/p>\n<p>[\/et_pb_blurb][\/et_pb_column][\/et_pb_row][\/et_pb_section][et_pb_section fb_built=&#8221;1&#8243; _builder_version=&#8221;4.18.0&#8243; _module_preset=&#8221;default&#8221; custom_padding=&#8221;0px||||false|false&#8221; da_disable_devices=&#8221;off|off|off&#8221; locked=&#8221;off&#8221; global_colors_info=&#8221;{}&#8221; da_is_popup=&#8221;off&#8221; da_exit_intent=&#8221;off&#8221; da_has_close=&#8221;on&#8221; da_alt_close=&#8221;off&#8221; da_dark_close=&#8221;off&#8221; da_not_modal=&#8221;on&#8221; da_is_singular=&#8221;off&#8221; da_with_loader=&#8221;off&#8221; da_has_shadow=&#8221;on&#8221;][et_pb_row custom_padding_last_edited=&#8221;on|phone&#8221; _builder_version=&#8221;4.18.0&#8243; _module_preset=&#8221;default&#8221; background_color=&#8221;#F7F4F2&#8243; custom_padding=&#8221;0px|4em|5em||false|false&#8221; custom_padding_tablet=&#8221;0px|4em|5em||false|false&#8221; custom_padding_phone=&#8221;|0em|||false|false&#8221; global_colors_info=&#8221;{}&#8221;][et_pb_column type=&#8221;4_4&#8243; _builder_version=&#8221;4.18.0&#8243; _module_preset=&#8221;default&#8221; global_colors_info=&#8221;{}&#8221;][et_pb_button button_url=&#8221;@ET-DC@eyJkeW5hbWljIjp0cnVlLCJjb250ZW50IjoicG9zdF9saW5rX3VybF9wYWdlIiwic2V0dGluZ3MiOnsicG9zdF9pZCI6IjIzMTQ3In19@&#8221; button_text=&#8221;Mehr \u00fcber mich&#8221; button_alignment=&#8221;right&#8221; button_alignment_tablet=&#8221;center&#8221; button_alignment_phone=&#8221;center&#8221; button_alignment_last_edited=&#8221;on|tablet&#8221; _builder_version=&#8221;4.21.0&#8243; _dynamic_attributes=&#8221;button_url&#8221; _module_preset=&#8221;default&#8221; custom_button=&#8221;on&#8221; button_text_color=&#8221;#FFFFFF&#8221; button_bg_color=&#8221;#163F5A&#8221; button_border_width=&#8221;0px&#8221; button_border_radius=&#8221;0px&#8221; button_font=&#8221;|300||on|||||&#8221; button_icon=&#8221;&#x4c;||divi||400&#8243; button_icon_placement=&#8221;left&#8221; button_on_hover=&#8221;off&#8221; custom_padding=&#8221;1em|2em|1em|3em|true|false&#8221; global_colors_info=&#8221;{}&#8221; button_bg_color__hover_enabled=&#8221;on|hover&#8221; button_bg_color__hover=&#8221;#70485A&#8221; button_bg_enable_color__hover=&#8221;on&#8221;][\/et_pb_button][\/et_pb_column][\/et_pb_row][et_pb_row _builder_version=&#8221;4.18.0&#8243; _module_preset=&#8221;default&#8221; custom_padding=&#8221;0px||||false|false&#8221; global_colors_info=&#8221;{}&#8221;][et_pb_column type=&#8221;4_4&#8243; _builder_version=&#8221;4.18.0&#8243; _module_preset=&#8221;default&#8221; global_colors_info=&#8221;{}&#8221;][et_pb_divider color=&#8221;#163F5A&#8221; divider_weight=&#8221;150px&#8221; _builder_version=&#8221;4.18.0&#8243; _module_preset=&#8221;default&#8221; max_width=&#8221;1px&#8221; module_alignment=&#8221;center&#8221; custom_margin=&#8221;-75px||||false|false&#8221; global_colors_info=&#8221;{}&#8221;][\/et_pb_divider][\/et_pb_column][\/et_pb_row][et_pb_row custom_padding_last_edited=&#8221;on|phone&#8221; _builder_version=&#8221;4.18.0&#8243; _module_preset=&#8221;default&#8221; custom_padding=&#8221;4em||||false|false&#8221; custom_padding_tablet=&#8221;4em||||false|false&#8221; custom_padding_phone=&#8221;4em||0px||false|false&#8221; global_colors_info=&#8221;{}&#8221;][et_pb_column type=&#8221;4_4&#8243; _builder_version=&#8221;4.18.0&#8243; _module_preset=&#8221;default&#8221; global_colors_info=&#8221;{}&#8221;][et_pb_text disabled_on=&#8221;off|off|off&#8221; _builder_version=&#8221;4.20.1&#8243; _module_preset=&#8221;default&#8221; header_2_font=&#8221;Alegreya|||on|||||&#8221; header_2_font_size=&#8221;2.5em&#8221; text_orientation=&#8221;center&#8221; header_2_font_size_tablet=&#8221;2.5em&#8221; header_2_font_size_phone=&#8221;2em&#8221; header_2_font_size_last_edited=&#8221;on|phone&#8221; locked=&#8221;off&#8221; global_colors_info=&#8221;{}&#8221;]<\/p>\n<h2>MEin angebot<\/h2>\n<p>[\/et_pb_text][et_pb_text _builder_version=&#8221;4.21.0&#8243; _module_preset=&#8221;default&#8221; text_font=&#8221;|300|||||||&#8221; text_text_color=&#8221;#333333&#8243; text_font_size=&#8221;20px&#8221; text_orientation=&#8221;center&#8221; width=&#8221;80%&#8221; width_tablet=&#8221;80%&#8221; width_phone=&#8221;100%&#8221; width_last_edited=&#8221;on|phone&#8221; module_alignment=&#8221;center&#8221; custom_margin=&#8221;||1em||false|false&#8221; global_colors_info=&#8221;{}&#8221;]<\/p>\n<p>Ich unterst\u00fctze dich, wenn dich verschiedene Themen oder Symptome belasten und du gerne besser damit zurechtkommen m\u00f6chtest.\u00a0<\/p>\n<p>[\/et_pb_text][et_pb_blurb icon_placement=&#8221;left&#8221; _builder_version=&#8221;4.21.0&#8243; _module_preset=&#8221;default&#8221; body_font=&#8221;|300|||||||&#8221; body_text_color=&#8221;#333333&#8243; body_font_size=&#8221;20px&#8221; custom_margin=&#8221;||1em|-16px|false|false&#8221; global_colors_info=&#8221;{}&#8221;]<\/p>\n<p>Ich begleite dich zum Beispiel\u2026<\/p>\n<p>[\/et_pb_blurb][et_pb_blurb use_icon=&#8221;on&#8221; font_icon=&#8221;&#x4e;||divi||400&#8243; icon_color=&#8221;#163F5A&#8221; icon_placement=&#8221;left&#8221; _builder_version=&#8221;4.21.0&#8243; _module_preset=&#8221;default&#8221; body_font=&#8221;|300|||||||&#8221; body_text_color=&#8221;#333333&#8243; body_font_size=&#8221;20px&#8221; custom_margin=&#8221;||1em||false|false&#8221; global_colors_info=&#8221;{}&#8221;]<\/p>\n<p><span><\/span>darin <b>Stress abzubauen<\/b> und deinem Anliegen nach einer entspannten und erf\u00fcllenden Arbeit nachzugehen.<span class=\"Apple-converted-space\">\u00a0<\/span><\/p>\n<p>[\/et_pb_blurb][et_pb_blurb use_icon=&#8221;on&#8221; font_icon=&#8221;&#x4e;||divi||400&#8243; icon_color=&#8221;#163F5A&#8221; icon_placement=&#8221;left&#8221; _builder_version=&#8221;4.21.0&#8243; _module_preset=&#8221;default&#8221; body_font=&#8221;|300|||||||&#8221; body_text_color=&#8221;#333333&#8243; body_font_size=&#8221;20px&#8221; custom_margin=&#8221;||1em||false|false&#8221; global_colors_info=&#8221;{}&#8221;]<\/p>\n<p><span><\/span>darin mehr <b>Ausgleich<\/b> zwischen deinem privaten und beruflichen Leben zu finden.<span class=\"Apple-converted-space\">\u00a0<\/span><\/p>\n<p>[\/et_pb_blurb][et_pb_blurb use_icon=&#8221;on&#8221; font_icon=&#8221;&#x4e;||divi||400&#8243; icon_color=&#8221;#163F5A&#8221; icon_placement=&#8221;left&#8221; _builder_version=&#8221;4.21.0&#8243; _module_preset=&#8221;default&#8221; body_font=&#8221;|300|||||||&#8221; body_text_color=&#8221;#333333&#8243; body_font_size=&#8221;20px&#8221; custom_margin=&#8221;||1em||false|false&#8221; global_colors_info=&#8221;{}&#8221;]<\/p>\n<p><span><\/span>beim Entwicklen neuer Kompetenzen um <b>Teams bewusster zu f\u00fchren, <\/b>mithilfe von regenerativer und f\u00fcrsorglicher F\u00fchrung<\/p>\n<p>[\/et_pb_blurb][et_pb_blurb use_icon=&#8221;on&#8221; font_icon=&#8221;&#x4e;||divi||400&#8243; icon_color=&#8221;#163F5A&#8221; icon_placement=&#8221;left&#8221; _builder_version=&#8221;4.21.0&#8243; _module_preset=&#8221;default&#8221; body_font=&#8221;|300|||||||&#8221; body_text_color=&#8221;#333333&#8243; body_font_size=&#8221;20px&#8221; custom_margin=&#8221;||1em||false|false&#8221; global_colors_info=&#8221;{}&#8221;]<\/p>\n<p><span><\/span>in Phasen des <b>Umbruchs und der Ver\u00e4nderung<\/b><\/p>\n<p>[\/et_pb_blurb][et_pb_blurb use_icon=&#8221;on&#8221; font_icon=&#8221;&#x4e;||divi||400&#8243; icon_color=&#8221;#163F5A&#8221; icon_placement=&#8221;left&#8221; _builder_version=&#8221;4.21.0&#8243; _module_preset=&#8221;default&#8221; body_font=&#8221;|300|||||||&#8221; body_text_color=&#8221;#333333&#8243; body_font_size=&#8221;20px&#8221; custom_margin=&#8221;||1em||false|false&#8221; global_colors_info=&#8221;{}&#8221;]<\/p>\n<p><span><\/span>darin<b> Sicherheit in dir selbst<\/b> und in deinen Weg zu finden und dein Vertrauen in deine eigenen gesunden Impulse zu st\u00e4rken <span class=\"Apple-converted-space\">\u00a0<\/span><\/p>\n<p>[\/et_pb_blurb][et_pb_blurb use_icon=&#8221;on&#8221; font_icon=&#8221;&#x4e;||divi||400&#8243; icon_color=&#8221;#163F5A&#8221; icon_placement=&#8221;left&#8221; _builder_version=&#8221;4.21.0&#8243; _module_preset=&#8221;default&#8221; body_font=&#8221;|300|||||||&#8221; body_text_color=&#8221;#333333&#8243; body_font_size=&#8221;20px&#8221; custom_margin=&#8221;||1em||false|false&#8221; global_colors_info=&#8221;{}&#8221;]<\/p>\n<p><span><\/span>in herausfordernden Situationen mit deinen <b>Kindern, besonders Jugendlichen.<\/b><\/p>\n<p>[\/et_pb_blurb][et_pb_text _builder_version=&#8221;4.21.0&#8243; _module_preset=&#8221;default&#8221; text_font=&#8221;|300|||||||&#8221; text_text_color=&#8221;#333333&#8243; text_font_size=&#8221;20px&#8221; text_orientation=&#8221;center&#8221; width=&#8221;70%&#8221; width_tablet=&#8221;70%&#8221; width_phone=&#8221;100%&#8221; width_last_edited=&#8221;on|phone&#8221; module_alignment=&#8221;center&#8221; custom_margin=&#8221;||1em||false|false&#8221; locked=&#8221;off&#8221; global_colors_info=&#8221;{}&#8221;]<\/p>\n<p>Ich kann auf <span>Deutsch, Englisch, Franz\u00f6sisch und Spanisch arbeiten.<\/span><\/p>\n<p>[\/et_pb_text][\/et_pb_column][\/et_pb_row][\/et_pb_section][et_pb_section fb_built=&#8221;1&#8243; _builder_version=&#8221;4.20.0&#8243; _module_preset=&#8221;default&#8221; background_color=&#8221;#FFFFFF&#8221; background_image=&#8221;https:\/\/www.soniaherrero.com\/wp-content\/uploads\/2023\/03\/fondo-home-webinar-2.jpg&#8221; parallax=&#8221;on&#8221; parallax_method=&#8221;off&#8221; da_disable_devices=&#8221;off|off|off&#8221; locked=&#8221;off&#8221; global_colors_info=&#8221;{}&#8221; da_is_popup=&#8221;off&#8221; da_exit_intent=&#8221;off&#8221; da_has_close=&#8221;on&#8221; da_alt_close=&#8221;off&#8221; da_dark_close=&#8221;off&#8221; da_not_modal=&#8221;on&#8221; da_is_singular=&#8221;off&#8221; da_with_loader=&#8221;off&#8221; da_has_shadow=&#8221;on&#8221;][et_pb_row column_structure=&#8221;1_4,1_2,1_4&#8243; make_equal=&#8221;on&#8221; _builder_version=&#8221;4.21.0&#8243; _module_preset=&#8221;default&#8221; locked=&#8221;off&#8221; global_colors_info=&#8221;{}&#8221;][et_pb_column type=&#8221;1_4&#8243; _builder_version=&#8221;4.20.1&#8243; _module_preset=&#8221;default&#8221; global_colors_info=&#8221;{}&#8221;][\/et_pb_column][et_pb_column type=&#8221;1_2&#8243; _builder_version=&#8221;4.20.0&#8243; _dynamic_attributes=&#8221;link_option_url&#8221; _module_preset=&#8221;default&#8221; background_color=&#8221;#eae5e8&#8243; background_enable_image=&#8221;off&#8221; background_size=&#8221;initial&#8221; custom_padding=&#8221;0em|2em|4em|2em|false|true&#8221; custom_padding_tablet=&#8221;3em|2em|3em|2em|true|true&#8221; custom_padding_phone=&#8221;2em|1em|2em|1em|true|true&#8221; custom_padding_last_edited=&#8221;on|phone&#8221; link_option_url=&#8221;@ET-DC@eyJkeW5hbWljIjp0cnVlLCJjb250ZW50IjoicG9zdF9saW5rX3VybF9wYWdlIiwic2V0dGluZ3MiOnsicG9zdF9pZCI6IjE3Njg1In19@&#8221; global_colors_info=&#8221;{}&#8221;][et_pb_blurb title=&#8221;Hier kannst du eine Einzelsitzung buchen&#8221; url=&#8221;https:\/\/calendly.com\/s-herrero\/probesitzung-mit-sonia&#8221; use_icon=&#8221;on&#8221; font_icon=&#8221;&#xf109;||fa||900&#8243; icon_color=&#8221;#70485A&#8221; image_icon_width=&#8221;60px&#8221; image_icon_width_tablet=&#8221;90px&#8221; image_icon_width_phone=&#8221;60px&#8221; image_icon_width_last_edited=&#8221;on|phone&#8221; _builder_version=&#8221;4.21.0&#8243; _module_preset=&#8221;default&#8221; header_level=&#8221;h2&#8243; header_font=&#8221;Alegreya|||on|||||&#8221; header_font_size=&#8221;0.7em&#8221; header_line_height=&#8221;1.2em&#8221; body_font=&#8221;Photograph Signature||||||||&#8221; body_text_color=&#8221;#70485A&#8221; body_font_size=&#8221;2.5em&#8221; background_image=&#8221;https:\/\/www.soniaherrero.com\/wp-content\/uploads\/2023\/01\/img-mancha-blanca.png&#8221; background_size=&#8221;initial&#8221; image_icon_custom_margin=&#8221;||||false|false&#8221; image_icon_custom_padding=&#8221;||||false|false&#8221; text_orientation=&#8221;center&#8221; custom_padding=&#8221;2em|1em||1em|false|true&#8221; custom_padding_tablet=&#8221;1em|1em||1em|false|true&#8221; custom_padding_phone=&#8221;0.5em||||false|true&#8221; custom_padding_last_edited=&#8221;on|phone&#8221; animation=&#8221;off&#8221; link_option_url=&#8221;https:\/\/calendly.com\/s-herrero\/probesitzung-mit-sonia&#8221; header_font_size_tablet=&#8221;0.7em&#8221; header_font_size_phone=&#8221;22px&#8221; header_font_size_last_edited=&#8221;on|phone&#8221; body_font_size_tablet=&#8221;2.5em&#8221; body_font_size_phone=&#8221;2em&#8221; body_font_size_last_edited=&#8221;on|phone&#8221; custom_css_blurb_image=&#8221;margin-bottom:0.4em;&#8221; global_colors_info=&#8221;{}&#8221;][\/et_pb_blurb][\/et_pb_column][et_pb_column type=&#8221;1_4&#8243; _builder_version=&#8221;4.20.1&#8243; _module_preset=&#8221;default&#8221; global_colors_info=&#8221;{}&#8221;][\/et_pb_column][\/et_pb_row][\/et_pb_section]<\/p>\n","protected":false},"excerpt":{"rendered":"<p>Traumatherapeutin &amp; CoachSonia HerreroHerzlich willkommen! Hier kannst du dir ein Bild von mir und meiner Arbeitsweise machen. Du bekommst ein Gef\u00fchl f\u00fcr meine Haltung und lernst mein Angebot kennen. Ich begleite dich bei Deinem Prozess des inneren Forschens, Erlebens und Wachsens. F\u00fcr eine Terminvereinbarung, in dem du dein Anliegen schildern kannst und bereits Unterst\u00fctzung bekommst, klicke hier.Meine Arbeit st\u00fctzt sich auf vier S\u00e4ulen:meine Ausbildung als Traumatherapeutin (NARM)10 Jahre Erfahrung als Coach mit mehr als 5000 Einzelsitzungen und meine Ausbildung als Eltern Coach23 Jahre Berufserfahrung als Unternehmerin, Organisationsleiterin und Beraterin, Trainerin und Juristinmeine eigene Therapieerfahrung, t\u00e4gliche Meditationspraxis, kontinuierliche Fort und WeiterbildungenMEin angebotIch unterst\u00fctze dich, wenn dich verschiedene Themen oder Symptome belasten und du gerne besser damit zurechtkommen m\u00f6chtest.\u00a0Ich begleite dich zum Beispiel\u2026darin Stress abzubauen und deinem Anliegen nach einer entspannten und erf\u00fcllenden Arbeit nachzugehen.\u00a0darin mehr Ausgleich zwischen deinem privaten und beruflichen Leben zu finden.\u00a0beim Entwicklen neuer Kompetenzen um Teams bewusster zu f\u00fchren, mithilfe von regenerativer und f\u00fcrsorglicher F\u00fchrungin Phasen des Umbruchs und der Ver\u00e4nderungdarin Sicherheit in dir selbst und in deinen Weg zu finden und dein Vertrauen in deine eigenen gesunden Impulse zu st\u00e4rken \u00a0in herausfordernden Situationen mit deinen Kindern, besonders Jugendlichen.Ich kann auf Deutsch, Englisch, Franz\u00f6sisch und Spanisch arbeiten.<\/p>\n","protected":false},"author":7,"featured_media":0,"parent":0,"menu_order":0,"comment_status":"closed","ping_status":"closed","template":"","meta":{"_et_pb_use_builder":"on","_et_pb_old_content":"<!-- wp:divi\/placeholder \/-->","_et_gb_content_width":"","footnotes":""},"class_list":["post-23153","page","type-page","status-publish","hentry"],"_links":{"self":[{"href":"https:\/\/www.soniaherrero.com\/de\/wp-json\/wp\/v2\/pages\/23153","targetHints":{"allow":["GET"]}}],"collection":[{"href":"https:\/\/www.soniaherrero.com\/de\/wp-json\/wp\/v2\/pages"}],"about":[{"href":"https:\/\/www.soniaherrero.com\/de\/wp-json\/wp\/v2\/types\/page"}],"author":[{"embeddable":true,"href":"https:\/\/www.soniaherrero.com\/de\/wp-json\/wp\/v2\/users\/7"}],"replies":[{"embeddable":true,"href":"https:\/\/www.soniaherrero.com\/de\/wp-json\/wp\/v2\/comments?post=23153"}],"version-history":[{"count":5,"href":"https:\/\/www.soniaherrero.com\/de\/wp-json\/wp\/v2\/pages\/23153\/revisions"}],"predecessor-version":[{"id":24629,"href":"https:\/\/www.soniaherrero.com\/de\/wp-json\/wp\/v2\/pages\/23153\/revisions\/24629"}],"wp:attachment":[{"href":"https:\/\/www.soniaherrero.com\/de\/wp-json\/wp\/v2\/media?parent=23153"}],"curies":[{"name":"wp","href":"https:\/\/api.w.org\/{rel}","templated":true}]}}