{"id":11772,"date":"2021-04-19T09:56:13","date_gmt":"2021-04-19T07:56:13","guid":{"rendered":"https:\/\/www.soniaherrero.com\/?post_type=product&#038;p=11772"},"modified":"2022-11-14T15:51:17","modified_gmt":"2022-11-14T14:51:17","slug":"retiro-abundancia-y-dinero","status":"publish","type":"product","link":"https:\/\/www.soniaherrero.com\/en\/producto\/retiro-abundancia-y-dinero\/","title":{"rendered":"Retiro Abundancia y Dinero"},"content":{"rendered":"","protected":false},"excerpt":{"rendered":"<p>Retiro Online de 1 d\u00eda<\/p>\n<p>El d\u00eda a d\u00eda de una mujer est\u00e1 lleno, demasiado lleno, y a veces parece casi imposible sacar tiempo para trabajar en tus metas personales, reflexionar sobre c\u00f3mo puedes conseguir m\u00e1s abundancia y dinero en tu vida y elaborar un plan claro que te ayude a avanzar. Muchas acabamos frustradas y nos sentimos impotentes por no saber por d\u00f3nde empezar.<\/p>\n<p>Por eso <strong>Sonia Herrero<\/strong> ha dise\u00f1ado este Retiro <strong>Online exclusivo para mujeres<\/strong> en el que, durante un d\u00eda, vamos a trabajar de forma intensa, profunda y muy enriquecedora sobre tu <strong>PLAN PERSONAL DE ABUNDANCIA Y DINERO<\/strong>.<\/p>\n","protected":false},"featured_media":0,"template":"","meta":{"_et_pb_use_builder":"off","_et_pb_old_content":"","_et_gb_content_width":""},"product_brand":[],"product_cat":[126,140],"product_tag":[],"class_list":{"0":"post-11772","1":"product","2":"type-product","3":"status-publish","5":"product_cat-eventos","6":"product_cat-pago-completo","8":"first","9":"instock","10":"sale","11":"virtual","12":"taxable","13":"purchasable","14":"product-type-simple"},"_links":{"self":[{"href":"https:\/\/www.soniaherrero.com\/en\/wp-json\/wp\/v2\/product\/11772","targetHints":{"allow":["GET"]}}],"collection":[{"href":"https:\/\/www.soniaherrero.com\/en\/wp-json\/wp\/v2\/product"}],"about":[{"href":"https:\/\/www.soniaherrero.com\/en\/wp-json\/wp\/v2\/types\/product"}],"wp:attachment":[{"href":"https:\/\/www.soniaherrero.com\/en\/wp-json\/wp\/v2\/media?parent=11772"}],"wp:term":[{"taxonomy":"product_brand","embeddable":true,"href":"https:\/\/www.soniaherrero.com\/en\/wp-json\/wp\/v2\/product_brand?post=11772"},{"taxonomy":"product_cat","embeddable":true,"href":"https:\/\/www.soniaherrero.com\/en\/wp-json\/wp\/v2\/product_cat?post=11772"},{"taxonomy":"product_tag","embeddable":true,"href":"https:\/\/www.soniaherrero.com\/en\/wp-json\/wp\/v2\/product_tag?post=11772"}],"curies":[{"name":"wp","href":"https:\/\/api.w.org\/{rel}","templated":true}]}}