{"id":11987,"date":"2021-05-14T13:32:30","date_gmt":"2021-05-14T11:32:30","guid":{"rendered":"https:\/\/www.soniaherrero.com\/?post_type=product&#038;p=11987"},"modified":"2021-06-21T19:23:54","modified_gmt":"2021-06-21T17:23:54","slug":"retiro-abundancia-y-dinero-2-entradas","status":"publish","type":"product","link":"https:\/\/www.soniaherrero.com\/en\/producto\/retiro-abundancia-y-dinero-2-entradas\/","title":{"rendered":"Retiro Abundancia y Dinero (pack 2 entradas)"},"content":{"rendered":"<p>El d\u00eda a d\u00eda de una mujer est\u00e1 lleno, demasiado lleno, y a veces parece casi imposible sacar tiempo para trabajar en tus metas personales, reflexionar sobre c\u00f3mo puedes conseguir m\u00e1s abundancia y dinero en tu vida y elaborar un plan claro que te ayude a avanzar. Muchas acabamos frustradas y nos sentimos impotentes por no saber por d\u00f3nde empezar.<\/p>\n<p>Por eso\u00a0<strong>Sonia Herrero<\/strong> ha dise\u00f1ado este Retiro\u00a0<strong>Online exclusivo para mujeres<\/strong>\u00a0en el que, durante un d\u00eda, vamos a trabajar de forma intensa, profunda y muy enriquecedora sobre tu\u00a0<strong>PLAN PERSONAL DE ABUNDANCIA Y DINERO<\/strong>.<\/p>\n","protected":false},"excerpt":{"rendered":"<p><strong>Pack de 2 entradas<\/strong> para el Retiro Online de 1 d\u00eda.<\/p>\n<p>Por favor, rellena los datos de tu amiga en este ficha para que podamos mandarle sus datos de acceso.<\/p>\n<p>Los tuyos se te pedir\u00e1n al finalizar la compra, en el proceso de pago.<\/p>\n","protected":false},"featured_media":11737,"template":"","meta":{"_et_pb_use_builder":"","_et_pb_old_content":"","_et_gb_content_width":""},"product_brand":[],"product_cat":[126,140],"product_tag":[],"class_list":{"0":"post-11987","1":"product","2":"type-product","3":"status-publish","4":"has-post-thumbnail","6":"product_cat-eventos","7":"product_cat-pago-completo","9":"first","10":"instock","11":"virtual","12":"taxable","13":"purchasable","14":"product-type-simple"},"_links":{"self":[{"href":"https:\/\/www.soniaherrero.com\/en\/wp-json\/wp\/v2\/product\/11987","targetHints":{"allow":["GET"]}}],"collection":[{"href":"https:\/\/www.soniaherrero.com\/en\/wp-json\/wp\/v2\/product"}],"about":[{"href":"https:\/\/www.soniaherrero.com\/en\/wp-json\/wp\/v2\/types\/product"}],"wp:featuredmedia":[{"embeddable":true,"href":"https:\/\/www.soniaherrero.com\/en\/wp-json\/wp\/v2\/media\/11737"}],"wp:attachment":[{"href":"https:\/\/www.soniaherrero.com\/en\/wp-json\/wp\/v2\/media?parent=11987"}],"wp:term":[{"taxonomy":"product_brand","embeddable":true,"href":"https:\/\/www.soniaherrero.com\/en\/wp-json\/wp\/v2\/product_brand?post=11987"},{"taxonomy":"product_cat","embeddable":true,"href":"https:\/\/www.soniaherrero.com\/en\/wp-json\/wp\/v2\/product_cat?post=11987"},{"taxonomy":"product_tag","embeddable":true,"href":"https:\/\/www.soniaherrero.com\/en\/wp-json\/wp\/v2\/product_tag?post=11987"}],"curies":[{"name":"wp","href":"https:\/\/api.w.org\/{rel}","templated":true}]}}