{"id":25002,"date":"2024-07-16T16:09:34","date_gmt":"2024-07-16T14:09:34","guid":{"rendered":"https:\/\/www.soniaherrero.com\/?post_type=product&#038;p=25002"},"modified":"2024-07-18T11:19:59","modified_gmt":"2024-07-18T09:19:59","slug":"comunidad-de-mujeres-emprendedoras-de-exito-sept24","status":"publish","type":"product","link":"https:\/\/www.soniaherrero.com\/en\/producto\/comunidad-de-mujeres-emprendedoras-de-exito-sept24\/","title":{"rendered":"Comunidad de Mujeres Emprendedoras de \u00c9xito (oto\u00f1o 24)"},"content":{"rendered":"","protected":false},"excerpt":{"rendered":"<p>Una comunidad para acompa\u00f1arte mientras hagas el <strong>Programa de \u00c9xito para Mujeres Emprendedoras, <\/strong>que consiste en 2 reuniones online de 1 hora cada una al mes. Te ayudar\u00e1:<\/p>\n<p>* A avanzar en los diferentes m\u00f3dulos junto con otras mujeres, tendr\u00e1s m\u00e1s motivaci\u00f3n para no descolgarte.<br \/>\n* A poder ir haci\u00e9ndome preguntas a medida que vas revisando el material del programa y aplic\u00e1ndolo a tu negocio.<br \/>\n* A intercambiar con otras emprendedoras y aprender de ellas, sentirte menos sola, poder tener una comunidad de mujeres que quieren emprender sin dejarse la piel en ello y con la intenci\u00f3n de poder vivir mejor que antes.<\/p>\n<p>Te espero en la comunidad, mujer.<\/p>\n","protected":false},"featured_media":15108,"template":"","meta":{"_et_pb_use_builder":"","_et_pb_old_content":"","_et_gb_content_width":""},"product_brand":[],"product_cat":[120],"product_tag":[],"class_list":{"0":"post-25002","1":"product","2":"type-product","3":"status-publish","4":"has-post-thumbnail","6":"product_cat-cursos","8":"first","9":"instock","10":"virtual","11":"taxable","12":"purchasable","13":"product-type-subscription"},"_links":{"self":[{"href":"https:\/\/www.soniaherrero.com\/en\/wp-json\/wp\/v2\/product\/25002","targetHints":{"allow":["GET"]}}],"collection":[{"href":"https:\/\/www.soniaherrero.com\/en\/wp-json\/wp\/v2\/product"}],"about":[{"href":"https:\/\/www.soniaherrero.com\/en\/wp-json\/wp\/v2\/types\/product"}],"wp:featuredmedia":[{"embeddable":true,"href":"https:\/\/www.soniaherrero.com\/en\/wp-json\/wp\/v2\/media\/15108"}],"wp:attachment":[{"href":"https:\/\/www.soniaherrero.com\/en\/wp-json\/wp\/v2\/media?parent=25002"}],"wp:term":[{"taxonomy":"product_brand","embeddable":true,"href":"https:\/\/www.soniaherrero.com\/en\/wp-json\/wp\/v2\/product_brand?post=25002"},{"taxonomy":"product_cat","embeddable":true,"href":"https:\/\/www.soniaherrero.com\/en\/wp-json\/wp\/v2\/product_cat?post=25002"},{"taxonomy":"product_tag","embeddable":true,"href":"https:\/\/www.soniaherrero.com\/en\/wp-json\/wp\/v2\/product_tag?post=25002"}],"curies":[{"name":"wp","href":"https:\/\/api.w.org\/{rel}","templated":true}]}}