{"id":25545088,"date":"2025-03-21T10:53:39","date_gmt":"2025-03-21T09:53:39","guid":{"rendered":"https:\/\/www.soniaherrero.com\/?post_type=product&#038;p=25545088"},"modified":"2025-07-22T12:05:03","modified_gmt":"2025-07-22T10:05:03","slug":"comunidad-de-apoyo-respira-1-mes","status":"publish","type":"product","link":"https:\/\/www.soniaherrero.com\/en\/producto\/comunidad-de-apoyo-respira-1-mes\/","title":{"rendered":"Comunidad de Apoyo RESPIRA (1 mes)"},"content":{"rendered":"","protected":false},"excerpt":{"rendered":"<p>Una comunidad online para familiares y acompa\u00f1antes de personas que sufren trastornos mentales.<\/p>\n<p>\u00danete a nosotros si acompa\u00f1as a alguna persona que sufre de alg\u00fan trastorno como depresi\u00f3n, trastorno bipolar, trastorno de estr\u00e9s postraum\u00e1tico, esquizofrenia, trastorno de ansiedad, trastornos del comportamiento alimentario.<\/p>\n<p>Te esperamos en la comunidad.<\/p>\n<p>Un abrazo,<\/p>\n<p>Sonia<\/p>\n","protected":false},"featured_media":25879,"template":"","meta":{"_et_pb_use_builder":"off","_et_pb_old_content":"","_et_gb_content_width":""},"product_brand":[],"product_cat":[329],"product_tag":[],"class_list":{"0":"post-25545088","1":"product","2":"type-product","3":"status-publish","4":"has-post-thumbnail","6":"product_cat-comunidad-respiro-familiar","8":"first","9":"instock","10":"virtual","11":"taxable","12":"purchasable","13":"product-type-simple"},"_links":{"self":[{"href":"https:\/\/www.soniaherrero.com\/en\/wp-json\/wp\/v2\/product\/25545088","targetHints":{"allow":["GET"]}}],"collection":[{"href":"https:\/\/www.soniaherrero.com\/en\/wp-json\/wp\/v2\/product"}],"about":[{"href":"https:\/\/www.soniaherrero.com\/en\/wp-json\/wp\/v2\/types\/product"}],"wp:featuredmedia":[{"embeddable":true,"href":"https:\/\/www.soniaherrero.com\/en\/wp-json\/wp\/v2\/media\/25879"}],"wp:attachment":[{"href":"https:\/\/www.soniaherrero.com\/en\/wp-json\/wp\/v2\/media?parent=25545088"}],"wp:term":[{"taxonomy":"product_brand","embeddable":true,"href":"https:\/\/www.soniaherrero.com\/en\/wp-json\/wp\/v2\/product_brand?post=25545088"},{"taxonomy":"product_cat","embeddable":true,"href":"https:\/\/www.soniaherrero.com\/en\/wp-json\/wp\/v2\/product_cat?post=25545088"},{"taxonomy":"product_tag","embeddable":true,"href":"https:\/\/www.soniaherrero.com\/en\/wp-json\/wp\/v2\/product_tag?post=25545088"}],"curies":[{"name":"wp","href":"https:\/\/api.w.org\/{rel}","templated":true}]}}