{"id":25546,"date":"2024-09-03T17:59:09","date_gmt":"2024-09-03T15:59:09","guid":{"rendered":"https:\/\/www.soniaherrero.com\/?post_type=product&#038;p=25546"},"modified":"2026-04-14T10:54:11","modified_gmt":"2026-04-14T08:54:11","slug":"libro-cuando-nos-volvimos-locos","status":"publish","type":"product","link":"https:\/\/www.soniaherrero.com\/en\/producto\/libro-cuando-nos-volvimos-locos\/","title":{"rendered":"Libro Cuando nos volvimos locos"},"content":{"rendered":"","protected":false},"excerpt":{"rendered":"<p>Una obra que entrelaza historias profundamente personales con reflexiones fundamentadas en investigaciones y herramientas pr\u00e1cticas que apliqu\u00e9 como terapeuta mientras acompa\u00f1aba a mi hijo. Este proceso, a pesar de su doloroso inicio, se transform\u00f3 en una gran oportunidad de crecimiento y superaci\u00f3n, que ahora comparto contigo para ofrecerte perspectivas y herramientas que puedan acompa\u00f1arte en momentos de dificultad.<\/p>\n<p>Con cari\u00f1o,<\/p>\n<p>Sonia<\/p>\n","protected":false},"featured_media":25053,"template":"","meta":{"_et_pb_use_builder":"","_et_pb_old_content":"","_et_gb_content_width":""},"product_brand":[],"product_cat":[320],"product_tag":[],"class_list":{"0":"post-25546","1":"product","2":"type-product","3":"status-publish","4":"has-post-thumbnail","6":"product_cat-libro","7":"product_shipping_class-solo-espana","9":"first","10":"instock","11":"taxable","12":"shipping-taxable","13":"purchasable","14":"product-type-simple"},"_links":{"self":[{"href":"https:\/\/www.soniaherrero.com\/en\/wp-json\/wp\/v2\/product\/25546","targetHints":{"allow":["GET"]}}],"collection":[{"href":"https:\/\/www.soniaherrero.com\/en\/wp-json\/wp\/v2\/product"}],"about":[{"href":"https:\/\/www.soniaherrero.com\/en\/wp-json\/wp\/v2\/types\/product"}],"wp:featuredmedia":[{"embeddable":true,"href":"https:\/\/www.soniaherrero.com\/en\/wp-json\/wp\/v2\/media\/25053"}],"wp:attachment":[{"href":"https:\/\/www.soniaherrero.com\/en\/wp-json\/wp\/v2\/media?parent=25546"}],"wp:term":[{"taxonomy":"product_brand","embeddable":true,"href":"https:\/\/www.soniaherrero.com\/en\/wp-json\/wp\/v2\/product_brand?post=25546"},{"taxonomy":"product_cat","embeddable":true,"href":"https:\/\/www.soniaherrero.com\/en\/wp-json\/wp\/v2\/product_cat?post=25546"},{"taxonomy":"product_tag","embeddable":true,"href":"https:\/\/www.soniaherrero.com\/en\/wp-json\/wp\/v2\/product_tag?post=25546"}],"curies":[{"name":"wp","href":"https:\/\/api.w.org\/{rel}","templated":true}]}}