{"id":25546321,"date":"2026-03-27T13:06:14","date_gmt":"2026-03-27T12:06:14","guid":{"rendered":"https:\/\/www.soniaherrero.com\/?post_type=product&#038;p=25546321"},"modified":"2026-03-27T13:10:24","modified_gmt":"2026-03-27T12:10:24","slug":"sesion-formacion-narm","status":"publish","type":"product","link":"https:\/\/www.soniaherrero.com\/en\/producto\/sesion-formacion-narm\/","title":{"rendered":"Sesion formaci\u00f3n NARM"},"content":{"rendered":"","protected":false},"excerpt":{"rendered":"<p>Sesi\u00f3n individual dentro de la formaci\u00f3n de NARM<\/p>\n","protected":false},"featured_media":25544335,"template":"","meta":{"_et_pb_use_builder":"","_et_pb_old_content":"","_et_gb_content_width":""},"product_brand":[],"product_cat":[120],"product_tag":[],"class_list":{"0":"post-25546321","1":"product","2":"type-product","3":"status-publish","4":"has-post-thumbnail","6":"product_cat-cursos","8":"first","9":"instock","10":"taxable","11":"shipping-taxable","12":"purchasable","13":"product-type-simple"},"_links":{"self":[{"href":"https:\/\/www.soniaherrero.com\/en\/wp-json\/wp\/v2\/product\/25546321","targetHints":{"allow":["GET"]}}],"collection":[{"href":"https:\/\/www.soniaherrero.com\/en\/wp-json\/wp\/v2\/product"}],"about":[{"href":"https:\/\/www.soniaherrero.com\/en\/wp-json\/wp\/v2\/types\/product"}],"wp:featuredmedia":[{"embeddable":true,"href":"https:\/\/www.soniaherrero.com\/en\/wp-json\/wp\/v2\/media\/25544335"}],"wp:attachment":[{"href":"https:\/\/www.soniaherrero.com\/en\/wp-json\/wp\/v2\/media?parent=25546321"}],"wp:term":[{"taxonomy":"product_brand","embeddable":true,"href":"https:\/\/www.soniaherrero.com\/en\/wp-json\/wp\/v2\/product_brand?post=25546321"},{"taxonomy":"product_cat","embeddable":true,"href":"https:\/\/www.soniaherrero.com\/en\/wp-json\/wp\/v2\/product_cat?post=25546321"},{"taxonomy":"product_tag","embeddable":true,"href":"https:\/\/www.soniaherrero.com\/en\/wp-json\/wp\/v2\/product_tag?post=25546321"}],"curies":[{"name":"wp","href":"https:\/\/api.w.org\/{rel}","templated":true}]}}